{"id":1268,"date":"2025-02-11T15:14:55","date_gmt":"2025-02-11T14:14:55","guid":{"rendered":"https:\/\/iconsa.pl\/?page_id=1268"},"modified":"2025-05-09T08:54:57","modified_gmt":"2025-05-09T06:54:57","slug":"do-pobrania","status":"publish","type":"page","link":"https:\/\/iconsa.pl\/en\/do-pobrania\/","title":{"rendered":"Download"},"content":{"rendered":"<div class=\"wp-block-stackable-heading stk-block-heading stk-block-heading--v2 stk-block stk-ba8c5aa\" id=\"do-pobrania\" data-block-id=\"ba8c5aa\"><style>.stk-ba8c5aa .stk-block-heading__bottom-line{height:2px !important;width:50% !important;background-color:var(--theme-palette-color-2, #F77F00) !important;margin-left:auto !important;margin-right:auto !important;}.stk-ba8c5aa .stk-block-heading__text{color:var(--theme-palette-color-3, #003049) !important;}<\/style><h1 class=\"stk-block-heading__text has-text-color has-text-align-center\">Download<\/h1><div class=\"stk-block-heading__bottom-line\"><\/div><\/div>\n\n\n\n<div class=\"wp-block-stackable-columns alignwide stk-block-columns stk-block stk-020de31\" data-block-id=\"020de31\"><style>.stk-020de31 {padding-top:32px !important;padding-right:32px !important;padding-bottom:32px !important;padding-left:32px !important;margin-top:15% !important;margin-bottom:15% !important;}.stk-020de31:hover{padding-top:32px !important;padding-right:32px !important;padding-bottom:32px !important;padding-left:32px !important;}.stk-020de31-column{max-width:100% !important;min-width:auto !important;}@media screen and (max-width:999px){.stk-020de31 {margin-top:20% !important;}.stk-020de31-column{max-width:50% !important;min-width:auto !important;row-gap:32px !important;}}@media screen and (max-width:689px){.stk-020de31 {margin-top:20% !important;}.stk-020de31-column{max-width:100% !important;min-width:auto !important;row-gap:32px !important;}}<\/style><div class=\"stk-row stk-inner-blocks stk-block-content stk-content-align stk-020de31-column alignwide\">\n<div class=\"wp-block-stackable-column stk-block-column stk-column stk-block stk-420d0b2\" data-v=\"4\" data-block-id=\"420d0b2\"><style>@media screen and (min-width:690px) and (max-width:999px){.stk-420d0b2 {flex:var(--stk-flex-grow, 1) 1 calc(100% - var(--stk-column-gap, 0px) * 0 \/ 1 ) !important;}}<\/style><div class=\"stk-column-wrapper stk-block-column__content stk-container stk-420d0b2-container stk--no-background stk--no-padding\"><div class=\"stk-block-content stk-inner-blocks stk-420d0b2-inner-blocks\">\n<div class=\"wp-block-stackable-image stk-block-image stk-block stk-c8f351a\" data-block-id=\"c8f351a\"><style>.stk-c8f351a {box-shadow:0px 10px 16px 0px #00000036 !important;}.stk-c8f351a .stk-img-wrapper:hover img{transform:scale(1.1) !important;}<\/style><figure><a class=\"stk-link\" href=\"https:\/\/iconsa.pl\/wp-content\/uploads\/Katalogi\/Katalog_nowy_ENG.pdf\" title=\"Catalogue\"><span class=\"stk-img-wrapper stk-image--shape-stretch\"><img decoding=\"async\" class=\"stk-img wp-image-1269\" src=\"https:\/\/iconsa.pl\/wp-content\/uploads\/2025\/02\/katalog1.jpg\" width=\"300\" height=\"300\" alt=\"Catalogue\" srcset=\"https:\/\/iconsa.pl\/wp-content\/uploads\/2025\/02\/katalog1.jpg 300w, https:\/\/iconsa.pl\/wp-content\/uploads\/2025\/02\/katalog1-150x150.jpg 150w\" sizes=\"(max-width: 300px) 100vw, 300px\" \/><\/span><\/a><\/figure><\/div>\n\n\n\n<div class=\"wp-block-stackable-heading stk-block-heading stk-block-heading--v2 stk-block stk-c2e84bc\" id=\"katalog-produktow\" data-block-id=\"c2e84bc\"><style>.stk-c2e84bc .stk-block-heading__text{font-size:30px !important;color:var(--theme-palette-color-3, #003049) !important;}.stk-c2e84bc .stk-block-heading__text:hover{color:var(--theme-palette-color-2, #F77F00) !important;}@media screen and (max-width:999px){.stk-c2e84bc .stk-block-heading__text{font-size:30px !important;}}<\/style><h2 class=\"stk-block-heading__text has-text-color has-text-align-center\">Product Catalogue<\/h2><\/div>\n<\/div><\/div><\/div>\n\n\n\n<div class=\"wp-block-stackable-column stk-block-column stk-column stk-block stk-1051836\" data-v=\"4\" data-block-id=\"1051836\"><style>@media screen and (min-width:690px) and (max-width:999px){.stk-1051836 {flex:var(--stk-flex-grow, 1) 1 calc(100% - var(--stk-column-gap, 0px) * 0 \/ 1 ) !important;}}<\/style><div class=\"stk-column-wrapper stk-block-column__content stk-container stk-1051836-container stk--no-background stk--no-padding\"><div class=\"stk-block-content stk-inner-blocks stk-1051836-inner-blocks\">\n<div class=\"wp-block-stackable-image stk-block-image stk-block stk-16c7fd7\" data-block-id=\"16c7fd7\"><style>.stk-16c7fd7 {box-shadow:0px 10px 16px 0px #00000036 !important;}.stk-16c7fd7 .stk-img-wrapper:hover img{transform:scale(1.1) !important;}<\/style><figure><a class=\"stk-link\" href=\"https:\/\/iconsa.pl\/wp-content\/uploads\/Katalogi\/General-Terms-and-Conditions-of-Sales-of-ICON-S.A..pdf\" title=\"Terms of cooperation\"><span class=\"stk-img-wrapper stk-image--shape-stretch\"><img decoding=\"async\" class=\"stk-img wp-image-1270\" src=\"https:\/\/iconsa.pl\/wp-content\/uploads\/2025\/02\/warunki.jpg\" width=\"500\" height=\"500\" alt=\"Print File Specifications\" srcset=\"https:\/\/iconsa.pl\/wp-content\/uploads\/2025\/02\/warunki.jpg 500w, https:\/\/iconsa.pl\/wp-content\/uploads\/2025\/02\/warunki-300x300.jpg 300w, https:\/\/iconsa.pl\/wp-content\/uploads\/2025\/02\/warunki-150x150.jpg 150w\" sizes=\"(max-width: 500px) 100vw, 500px\" \/><\/span><\/a><\/figure><\/div>\n\n\n\n<div class=\"wp-block-stackable-heading stk-block-heading stk-block-heading--v2 stk-block stk-c5a2034\" id=\"ogolne-warunki-wspolpracy\" data-block-id=\"c5a2034\"><style>.stk-c5a2034 .stk-block-heading__text{font-size:30px !important;color:var(--theme-palette-color-3, #003049) !important;}.stk-c5a2034 .stk-block-heading__text:hover{color:var(--theme-palette-color-2, #F77F00) !important;}@media screen and (max-width:999px){.stk-c5a2034 .stk-block-heading__text{font-size:30px !important;}}<\/style><h2 class=\"stk-block-heading__text has-text-color has-text-align-center\">General Terms of Cooperation<\/h2><\/div>\n<\/div><\/div><\/div>\n\n\n\n<div class=\"wp-block-stackable-column stk-block-column stk-column stk-block stk-07cd2c9\" data-v=\"4\" data-block-id=\"07cd2c9\"><style>@media screen and (min-width:690px) and (max-width:999px){.stk-07cd2c9 {flex:var(--stk-flex-grow, 1) 1 calc(100% - var(--stk-column-gap, 0px) * 0 \/ 1 ) !important;}}<\/style><div class=\"stk-column-wrapper stk-block-column__content stk-container stk-07cd2c9-container stk--no-background stk--no-padding\"><div class=\"stk-block-content stk-inner-blocks stk-07cd2c9-inner-blocks\">\n<div class=\"wp-block-stackable-image stk-block-image stk-block stk-ebff53b\" data-block-id=\"ebff53b\"><style>.stk-ebff53b {box-shadow:0px 10px 16px 0px #00000036 !important;}.stk-ebff53b .stk-img-wrapper:hover img{transform:scale(1.1) !important;}<\/style><figure><a class=\"stk-link\" href=\"https:\/\/iconsa.pl\/wp-content\/uploads\/Katalogi\/Specyfikacja_Druk_ENG.pdf\" title=\"Print File Specifications\"><span class=\"stk-img-wrapper stk-image--shape-stretch\"><img decoding=\"async\" class=\"stk-img wp-image-1271\" src=\"https:\/\/iconsa.pl\/wp-content\/uploads\/2025\/02\/specyfikacja_new.jpg\" width=\"500\" height=\"500\" alt=\"Print File Specifications\" srcset=\"https:\/\/iconsa.pl\/wp-content\/uploads\/2025\/02\/specyfikacja_new.jpg 500w, https:\/\/iconsa.pl\/wp-content\/uploads\/2025\/02\/specyfikacja_new-300x300.jpg 300w, https:\/\/iconsa.pl\/wp-content\/uploads\/2025\/02\/specyfikacja_new-150x150.jpg 150w\" sizes=\"(max-width: 500px) 100vw, 500px\" \/><\/span><\/a><\/figure><\/div>\n\n\n\n<div class=\"wp-block-stackable-heading stk-block-heading stk-block-heading--v2 stk-block stk-f77b7b4\" id=\"specyfikacja-plikow-do-druku\" data-block-id=\"f77b7b4\"><style>.stk-f77b7b4 .stk-block-heading__text{font-size:30px !important;color:var(--theme-palette-color-3, #003049) !important;}.stk-f77b7b4 .stk-block-heading__text:hover{color:var(--theme-palette-color-2, #F77F00) !important;}@media screen and (max-width:999px){.stk-f77b7b4 .stk-block-heading__text{font-size:30px !important;}}<\/style><h2 class=\"stk-block-heading__text has-text-color has-text-align-center\">Print File Specifications<\/h2><\/div>\n<\/div><\/div><\/div>\n\n\n\n<div class=\"wp-block-stackable-column stk-block-column stk-column stk-block stk-c957c72\" data-v=\"4\" data-block-id=\"c957c72\"><style>@media screen and (min-width:690px) and (max-width:999px){.stk-c957c72 {flex:var(--stk-flex-grow, 1) 1 calc(100% - var(--stk-column-gap, 0px) * 0 \/ 1 ) !important;}}<\/style><div class=\"stk-column-wrapper stk-block-column__content stk-container stk-c957c72-container stk--no-background stk--no-padding\"><div class=\"stk-block-content stk-inner-blocks stk-c957c72-inner-blocks\">\n<div class=\"wp-block-stackable-image stk-block-image stk-block stk-eb7335b\" data-block-id=\"eb7335b\"><style>.stk-eb7335b {box-shadow:0px 10px 16px 0px #00000036 !important;}.stk-eb7335b .stk-img-wrapper:hover img{transform:scale(1.1) !important;}<\/style><figure><a class=\"stk-link\" href=\"https:\/\/iconsa.pl\/wp-content\/uploads\/Katalogi\/Barracuda_2a.pdf\" title=\"Information Brochure\"><span class=\"stk-img-wrapper stk-image--shape-stretch\"><img decoding=\"async\" class=\"stk-img wp-image-1272\" src=\"https:\/\/iconsa.pl\/wp-content\/uploads\/2025\/02\/baracuda2300dpi16962548421.png\" width=\"500\" height=\"500\" alt=\"Print File Specifications\" srcset=\"https:\/\/iconsa.pl\/wp-content\/uploads\/2025\/02\/baracuda2300dpi16962548421.png 500w, https:\/\/iconsa.pl\/wp-content\/uploads\/2025\/02\/baracuda2300dpi16962548421-300x300.png 300w, https:\/\/iconsa.pl\/wp-content\/uploads\/2025\/02\/baracuda2300dpi16962548421-150x150.png 150w\" sizes=\"(max-width: 500px) 100vw, 500px\" \/><\/span><\/a><\/figure><\/div>\n\n\n\n<div class=\"wp-block-stackable-heading stk-block-heading stk-block-heading--v2 stk-block stk-12b8706\" id=\"broszura-informacyjna\" data-block-id=\"12b8706\"><style>.stk-12b8706 .stk-block-heading__text{font-size:30px !important;color:var(--theme-palette-color-3, #003049) !important;}.stk-12b8706 .stk-block-heading__text:hover{color:var(--theme-palette-color-2, #F77F00) !important;}@media screen and (max-width:999px){.stk-12b8706 .stk-block-heading__text{font-size:30px !important;}}<\/style><h2 class=\"stk-block-heading__text has-text-color has-text-align-center\">Information Brochure<\/h2><\/div>\n<\/div><\/div><\/div>\n\n\n\n<div class=\"wp-block-stackable-column stk-block-column stk-column stk-block stk-59748cf\" data-v=\"4\" data-block-id=\"59748cf\"><style>@media screen and (min-width:690px) and (max-width:999px){.stk-59748cf {flex:var(--stk-flex-grow, 1) 1 calc(100% - var(--stk-column-gap, 0px) * 0 \/ 1 ) !important;}}<\/style><div class=\"stk-column-wrapper stk-block-column__content stk-container stk-59748cf-container stk--no-background stk--no-padding\"><div class=\"stk-block-content stk-inner-blocks stk-59748cf-inner-blocks\">\n<div class=\"wp-block-stackable-image stk-block-image stk-block stk-361046c\" data-block-id=\"361046c\"><style>.stk-361046c {box-shadow:0px 10px 16px 0px #00000036 !important;}.stk-361046c .stk-img-wrapper:hover img{transform:scale(1.1) !important;}<\/style><figure><a class=\"stk-link\" href=\"https:\/\/www.wetransfer.com\/\" title=\"WeTransfer\" target=\"_blank\" rel=\"noopener\"><span class=\"stk-img-wrapper stk-image--shape-stretch\"><img decoding=\"async\" class=\"stk-img wp-image-1273\" src=\"https:\/\/iconsa.pl\/wp-content\/uploads\/2025\/02\/wetransfer.jpg\" width=\"400\" height=\"400\" alt=\"Print File Specifications\" srcset=\"https:\/\/iconsa.pl\/wp-content\/uploads\/2025\/02\/wetransfer.jpg 400w, https:\/\/iconsa.pl\/wp-content\/uploads\/2025\/02\/wetransfer-300x300.jpg 300w, https:\/\/iconsa.pl\/wp-content\/uploads\/2025\/02\/wetransfer-150x150.jpg 150w\" sizes=\"(max-width: 400px) 100vw, 400px\" \/><\/span><\/a><\/figure><\/div>\n\n\n\n<div class=\"wp-block-stackable-heading stk-block-heading stk-block-heading--v2 stk-block stk-eb36e84\" id=\"wyslij-nam-br-plik\" data-block-id=\"eb36e84\"><style>.stk-eb36e84 .stk-block-heading__text{font-size:30px !important;color:var(--theme-palette-color-3, #003049) !important;}.stk-eb36e84 .stk-block-heading__text:hover{color:var(--theme-palette-color-2, #F77F00) !important;}@media screen and (max-width:999px){.stk-eb36e84 .stk-block-heading__text{font-size:30px !important;}}<\/style><h2 class=\"stk-block-heading__text has-text-color has-text-align-center\">Send Us File<br>Plik<\/h2><\/div>\n<\/div><\/div><\/div>\n<\/div><\/div>","protected":false},"excerpt":{"rendered":"<p>Do Pobrania Katalog Produkt\u00f3w Og\u00f3lne Warunki Wsp\u00f3\u0142pracy Specyfikacja Plik\u00f3w do Druku Broszura Informacyjna Wy\u015blij namPlik<\/p>","protected":false},"author":1,"featured_media":0,"parent":0,"menu_order":0,"comment_status":"closed","ping_status":"closed","template":"","meta":{"footnotes":""},"class_list":["post-1268","page","type-page","status-publish","hentry"],"blocksy_meta":[],"_links":{"self":[{"href":"https:\/\/iconsa.pl\/en\/wp-json\/wp\/v2\/pages\/1268","targetHints":{"allow":["GET"]}}],"collection":[{"href":"https:\/\/iconsa.pl\/en\/wp-json\/wp\/v2\/pages"}],"about":[{"href":"https:\/\/iconsa.pl\/en\/wp-json\/wp\/v2\/types\/page"}],"author":[{"embeddable":true,"href":"https:\/\/iconsa.pl\/en\/wp-json\/wp\/v2\/users\/1"}],"replies":[{"embeddable":true,"href":"https:\/\/iconsa.pl\/en\/wp-json\/wp\/v2\/comments?post=1268"}],"version-history":[{"count":11,"href":"https:\/\/iconsa.pl\/en\/wp-json\/wp\/v2\/pages\/1268\/revisions"}],"predecessor-version":[{"id":1724,"href":"https:\/\/iconsa.pl\/en\/wp-json\/wp\/v2\/pages\/1268\/revisions\/1724"}],"wp:attachment":[{"href":"https:\/\/iconsa.pl\/en\/wp-json\/wp\/v2\/media?parent=1268"}],"curies":[{"name":"wp","href":"https:\/\/api.w.org\/{rel}","templated":true}]}}