{"id":1282,"date":"2025-02-12T10:36:06","date_gmt":"2025-02-12T09:36:06","guid":{"rendered":"https:\/\/iconsa.pl\/?page_id=1282"},"modified":"2025-11-20T15:45:35","modified_gmt":"2025-11-20T13:45:35","slug":"projekty-unijne","status":"publish","type":"page","link":"https:\/\/iconsa.pl\/en\/projekty-unijne\/","title":{"rendered":"UE Projects"},"content":{"rendered":"<div class=\"wp-block-stackable-heading stk-block-heading stk-block-heading--v2 stk-block stk-b72f7b5\" id=\"projekty-unijne\" data-block-id=\"b72f7b5\"><style>.stk-b72f7b5 .stk-block-heading__bottom-line{height:2px !important;width:50% !important;background-color:var(--theme-palette-color-2, #F77F00) !important;margin-left:auto !important;margin-right:auto !important;}.stk-b72f7b5 .stk-block-heading__text{color:var(--theme-palette-color-3, #003049) !important;}<\/style><h1 class=\"stk-block-heading__text has-text-color has-text-align-center\">UE Projects<\/h1><div class=\"stk-block-heading__bottom-line\"><\/div><\/div>\n\n\n\n<div class=\"wp-block-stackable-columns stk-block-columns stk-block stk-ac917f7\" data-block-id=\"ac917f7\"><style>.stk-ac917f7 {margin-top:5% !important;}<\/style><div class=\"stk-row stk-inner-blocks stk-block-content stk-content-align stk-ac917f7-column\">\n<div class=\"wp-block-stackable-column stk-block-column stk-column stk-block stk-0e18302\" data-v=\"4\" data-block-id=\"0e18302\"><div class=\"stk-column-wrapper stk-block-column__content stk-container stk-0e18302-container stk--no-background stk--no-padding\"><div class=\"has-text-align-center stk-block-content stk-inner-blocks stk-0e18302-inner-blocks\">\n<div class=\"wp-block-stackable-image stk-block-image has-text-align-center stk-block stk-00794d4\" data-block-id=\"00794d4\"><style>.stk-00794d4 {margin-bottom:5% !important;}.stk-00794d4 .stk-img-wrapper{width:630px !important;height:80px !important;filter:drop-shadow(0px 10px 16px #00000036) !important;}.stk-00794d4 .stk-img-wrapper img{object-fit:contain !important;}@media screen and (max-width:689px){.stk-00794d4 .stk-img-wrapper{width:100% !important;height:80px !important;}.stk-00794d4 .stk-img-wrapper img{object-fit:contain !important;}}<\/style><figure><span class=\"stk-img-wrapper stk-image--shape-stretch stk--shadow-0px 10px 16px #00000036\"><img decoding=\"async\" class=\"stk-img wp-image-1285\" src=\"https:\/\/iconsa.pl\/wp-content\/uploads\/2025\/02\/Fundusze_new3.jpg\" width=\"630\" height=\"262\" alt=\"Projekty unijne\" srcset=\"https:\/\/iconsa.pl\/wp-content\/uploads\/2025\/02\/Fundusze_new3.jpg 630w, https:\/\/iconsa.pl\/wp-content\/uploads\/2025\/02\/Fundusze_new3-300x125.jpg 300w\" sizes=\"(max-width: 630px) 100vw, 630px\" \/><\/span><\/figure><\/div>\n\n\n\n<div class=\"wp-block-stackable-text stk-block-text stk-block stk-e857aca\" data-block-id=\"e857aca\"><style>.stk-e857aca .stk-block-text__text{color:var(--theme-palette-color-3, #003049) !important;}<\/style><p class=\"stk-block-text__text has-text-color\">ICON S. A. is carrying out a project co-financed by the Social Insurance Fund, \"Project on maintaining the ability to work throughout working life\".<br><br>Objectives and planned outcomes of the project: Improved health and safety at work by using a ventilation system to reduce harmful chemical compounds.<br><br>Contract signing date: 9 May 2023<br>Value of the project - PLN 150 900.54 \/ Amount of funding - PLN 120 718.03<br><br>For more information on the ongoing project, please contact Grzegorz Przegendza.<br><br>Phone: <strong>32 308 00 33<\/strong><br><br>E-mail: <strong><a href=\"mailto:biuro@iconsa.pl\">biuro@iconsa.pl<\/a><\/strong><\/p><\/div>\n\n\n\n<div class=\"wp-block-stackable-divider stk-block-divider has-text-align-center stk-block stk-447a1f7\" data-block-id=\"447a1f7\"><style>.stk-447a1f7 hr.stk-block-divider__hr{background:var(--theme-palette-color-3, #003049) !important;height:1px !important;width:75% !important;}<\/style><hr class=\"stk-block-divider__hr\"\/><\/div>\n<\/div><\/div><\/div>\n<\/div><\/div>\n\n\n\n<div class=\"wp-block-stackable-columns stk-block-columns stk-block stk-5becf40\" data-block-id=\"5becf40\"><style>.stk-5becf40 {margin-top:5% !important;}<\/style><div class=\"stk-row stk-inner-blocks stk-block-content stk-content-align stk-5becf40-column\">\n<div class=\"wp-block-stackable-column stk-block-column stk-column stk-block stk-7ab150f\" data-v=\"4\" data-block-id=\"7ab150f\"><div class=\"stk-column-wrapper stk-block-column__content stk-container stk-7ab150f-container stk--no-background stk--no-padding\"><div class=\"has-text-align-center stk-block-content stk-inner-blocks stk-7ab150f-inner-blocks\">\n<div class=\"wp-block-stackable-image stk-block-image has-text-align-center stk-block stk-e128d3b\" data-block-id=\"e128d3b\"><style>.stk-e128d3b {margin-bottom:5% !important;}.stk-e128d3b .stk-img-wrapper{height:80px !important;filter:drop-shadow(0px 10px 16px #00000036) !important;}.stk-e128d3b .stk-img-wrapper img{object-fit:contain !important;}@media screen and (max-width:689px){.stk-e128d3b .stk-img-wrapper{width:100% !important;height:80px !important;}.stk-e128d3b .stk-img-wrapper img{object-fit:contain !important;}}<\/style><figure><span class=\"stk-img-wrapper stk-image--shape-stretch stk--shadow-0px 10px 16px #00000036\"><img decoding=\"async\" class=\"stk-img wp-image-1286\" src=\"https:\/\/iconsa.pl\/wp-content\/uploads\/2025\/02\/FE-SL-kolor-poziom-br-qr01x936i9ayi57er8kasq8k5to1l4zg1d08krj94w.png\" width=\"1420\" height=\"150\" alt=\"Fundusze UE\" srcset=\"https:\/\/iconsa.pl\/wp-content\/uploads\/2025\/02\/FE-SL-kolor-poziom-br-qr01x936i9ayi57er8kasq8k5to1l4zg1d08krj94w.png 1420w, https:\/\/iconsa.pl\/wp-content\/uploads\/2025\/02\/FE-SL-kolor-poziom-br-qr01x936i9ayi57er8kasq8k5to1l4zg1d08krj94w-300x32.png 300w, https:\/\/iconsa.pl\/wp-content\/uploads\/2025\/02\/FE-SL-kolor-poziom-br-qr01x936i9ayi57er8kasq8k5to1l4zg1d08krj94w-1024x108.png 1024w, https:\/\/iconsa.pl\/wp-content\/uploads\/2025\/02\/FE-SL-kolor-poziom-br-qr01x936i9ayi57er8kasq8k5to1l4zg1d08krj94w-768x81.png 768w\" sizes=\"(max-width: 1420px) 100vw, 1420px\" \/><\/span><\/figure><\/div>\n\n\n\n<div class=\"wp-block-stackable-text stk-block-text stk-block stk-4ebda30\" data-block-id=\"4ebda30\"><style>.stk-4ebda30 .stk-block-text__text{color:var(--theme-palette-color-3, #003049) !important;}<\/style><p class=\"stk-block-text__text has-text-color\">ICON S. A. implements the project \"Increase of production efficiency in order to raise the competitive level of the company on the widely understood advertising market\".<br><br>The project will involve the purchase of a technically advanced, efficient and modern machine in the form of a UV plotter. <a href=\"https:\/\/pl.wikipedia.org\/wiki\/Dioda_elektroluminescencyjna\" target=\"_blank\" rel=\"noopener\">LED<\/a> and an investment in RES will be made, allowing ICON to adapt to changing market and technological conditions in the face of the region's transformation.<br><br>Project objectives and planned outcomes:<br>The overarching aim of the investment is to achieve optimisation of production processes and increase competitiveness by improving the quality of the products offered, increasing production efficiency and reducing production costs.<br>The investment will increase employment within the company and diversify the source of electricity consumed.<br><br>Value of the project - PLN 1 371 240.00 \/ Amount of funding - PLN 677 181.60<br><br>For more information on the ongoing project, please contact Grzegorz Przegendza.<br><br>Phone: <strong>32 308 00 33<\/strong><br><br>E-mail: <strong><a href=\"mailto:biuro@iconsa.pl\">biuro@iconsa.pl<\/a><\/strong><\/p><\/div>\n\n\n\n<div class=\"wp-block-stackable-divider stk-block-divider has-text-align-center stk-block stk-d3ab78b\" data-block-id=\"d3ab78b\"><style>.stk-d3ab78b hr.stk-block-divider__hr{background:var(--theme-palette-color-3, #003049) !important;height:1px !important;width:75% !important;}<\/style><hr class=\"stk-block-divider__hr\"\/><\/div>\n<\/div><\/div><\/div>\n<\/div><\/div>","protected":false},"excerpt":{"rendered":"<p>Projekty Unijne ICON SP\u00d3\u0141KA AKCYJNA realizuje projekt dofinansowany z Funduszu Ubezpiecze\u0144 Spo\u0142ecznych \u201eProjekt dotycz\u0105cy utrzymania zdolno\u015bci do pracy przez ca\u0142y okres aktywno\u015bci zawodowej\u201d Cele i planowane efekty projektu: Poprawa bezpiecze\u0144stwa i higieny pracy poprzez zastosowanie systemu wentylacji w celu redukcji szkodliwych zwi\u0105zk\u00f3w chemicznych. Data podpisania umowy: 9 maj 2023Warto\u015b\u0107 projektu \u2013 150 900,54 z\u0142 \/ [&hellip;]<\/p>","protected":false},"author":1,"featured_media":877,"parent":0,"menu_order":0,"comment_status":"closed","ping_status":"closed","template":"","meta":{"footnotes":""},"class_list":["post-1282","page","type-page","status-publish","has-post-thumbnail","hentry"],"blocksy_meta":[],"_links":{"self":[{"href":"https:\/\/iconsa.pl\/en\/wp-json\/wp\/v2\/pages\/1282","targetHints":{"allow":["GET"]}}],"collection":[{"href":"https:\/\/iconsa.pl\/en\/wp-json\/wp\/v2\/pages"}],"about":[{"href":"https:\/\/iconsa.pl\/en\/wp-json\/wp\/v2\/types\/page"}],"author":[{"embeddable":true,"href":"https:\/\/iconsa.pl\/en\/wp-json\/wp\/v2\/users\/1"}],"replies":[{"embeddable":true,"href":"https:\/\/iconsa.pl\/en\/wp-json\/wp\/v2\/comments?post=1282"}],"version-history":[{"count":6,"href":"https:\/\/iconsa.pl\/en\/wp-json\/wp\/v2\/pages\/1282\/revisions"}],"predecessor-version":[{"id":1982,"href":"https:\/\/iconsa.pl\/en\/wp-json\/wp\/v2\/pages\/1282\/revisions\/1982"}],"wp:featuredmedia":[{"embeddable":true,"href":"https:\/\/iconsa.pl\/en\/wp-json\/wp\/v2\/media\/877"}],"wp:attachment":[{"href":"https:\/\/iconsa.pl\/en\/wp-json\/wp\/v2\/media?parent=1282"}],"curies":[{"name":"wp","href":"https:\/\/api.w.org\/{rel}","templated":true}]}}