{"id":862,"date":"2025-01-20T13:41:38","date_gmt":"2025-01-20T12:41:38","guid":{"rendered":"https:\/\/iconsa.pl\/?page_id=862"},"modified":"2025-05-13T11:24:56","modified_gmt":"2025-05-13T09:24:56","slug":"polityka-prywatnosci","status":"publish","type":"page","link":"https:\/\/iconsa.pl\/en\/polityka-prywatnosci\/","title":{"rendered":"Privacy Policy"},"content":{"rendered":"<div class=\"wp-block-stackable-columns stk-block-columns stk-block stk-072a434\" data-block-id=\"072a434\"><style>.stk-072a434 {padding-top:5% !important;}<\/style><div class=\"stk-row stk-inner-blocks stk-block-content stk-content-align stk-072a434-column\">\n<div class=\"wp-block-stackable-column stk-block-column stk-column stk-block stk-d111329\" data-v=\"4\" data-block-id=\"d111329\"><div class=\"stk-column-wrapper stk-block-column__content stk-container stk-d111329-container stk--no-background stk--no-padding\"><div class=\"stk-block-content stk-inner-blocks stk-d111329-inner-blocks\">\n<div class=\"wp-block-stackable-heading stk-block-heading stk-block-heading--v2 stk-block stk-7b3eae3\" id=\"polityka-prywatnosci-icon-s-a\" data-block-id=\"7b3eae3\"><style>.stk-7b3eae3 .stk-block-heading__text{color:var(--theme-palette-color-3, #003049) !important;}<\/style><h1 class=\"stk-block-heading__text has-text-color\">Privacy Policy<\/h1><\/div>\n<\/div><\/div><\/div>\n<\/div><\/div>\n\n\n\n<div class=\"wp-block-stackable-columns stk-block-columns stk-block stk-1cb0a46 stk-block-background stk--has-background-overlay\" data-block-id=\"1cb0a46\"><style>.stk-1cb0a46 {background-color:linear-gradient(180deg,rgb(228,228,228) 0%,rgb(255,255,255) 100%) !important;margin-top:0px !important;}.stk-1cb0a46:before{background-image:linear-gradient(180deg,rgb(228,228,228) 0%,rgb(255,255,255) 100%) !important;}<\/style><div class=\"stk-row stk-inner-blocks has-text-align-left stk-block-content stk-content-align stk-1cb0a46-column\">\n<div class=\"wp-block-stackable-column stk-block-column stk-column stk-block stk-03a8ce1\" data-v=\"4\" data-block-id=\"03a8ce1\"><style>.stk-03a8ce1 {padding-top:10% !important;padding-right:10% !important;padding-bottom:10% !important;padding-left:10% !important;}<\/style><div class=\"stk-column-wrapper stk-block-column__content stk-container stk-03a8ce1-container stk--no-background stk--no-padding\"><div class=\"stk-block-content stk-inner-blocks stk-03a8ce1-inner-blocks\">\n<div class=\"wp-block-stackable-text stk-block-text stk-block stk-e19564b\" data-block-id=\"e19564b\"><p class=\"stk-block-text__text translation-block\">As of May 25, 2018, we are adjusting our operations to comply with the new European Union General Data Protection Regulation (GDPR).<br><br>\nWe make every effort to protect the personal data we collect. In this policy, we explain what personal data we collect and how it is used. We encourage you to read the information provided.<br><br>\n\nWhat data do we collect about you and how long do we process it?<br><br>\n\nYour personal data will not be stored longer than necessary for the purpose for which it was collected, including the need to comply with legal and tax obligations, and for handling disputes, asserting or defending claims.<br><br>\n\nData collected in connection with business cooperation<br>\nWhen you enter into a business relationship with us, we may collect and process the following categories of personal data: your name and surname, the company you are associated with and your position, your contact details such as your company address, phone numbers, and email addresses, data regarding our communication with you; your interests in our products or services.<br><br>\n\nAutomatically collected data<br>\nWhen you visit our website, data about your visit is automatically collected, such as your IP address, domain name, browser type, operating system type, etc.<br>\nYou can limit the processing of this information. All you need to do is review our cookie policy and follow the information provided therein.<br><br>\n\nData collected when you contact us<br>\nWhen you contact us via website, phone, email, etc., you provide us with your personal data such as your name, surname, email address, phone number, etc.<br><br>\n\nWhat are your rights regarding the processing of personal data?<br>\nYou have the following rights in connection with the processing of your personal data by us:<br>\n\u2022 the right to access your data, including obtaining a copy of the data,<br>\n\u2022 the right to request rectification of data,<br>\n\u2022 the right to erasure of data (in certain situations),<br>\n\u2022 the right to lodge a complaint with a supervisory authority responsible for personal data protection,<br>\n\u2022 the right to restrict the processing of data.<br><br>\n\nAt any time, you have the right to access your personal data and the ability to update or change it, as well as, if we asked for your consent, to withdraw that consent. You may also exercise any other rights granted to you under applicable law, in particular the right to data erasure or to restrict data processing.<br>\nThese rights may be limited in certain situations \u2013 for example, when we can demonstrate that we are legally obligated to process your data. If you wish to exercise your rights, all you need to do is contact the data administrator at: [rodo@iconsa.pl](mailto:rodo@iconsa.pl). Please note that we may ask for additional information to confirm your identity.<br><br>\n\nHow and for what purposes do we use your data?<br><br>\n\nWe do not and will not sell your data to third parties under any circumstances.<br>\nYour data may be processed for the following purposes:<br>\n\u2022 managing our relationships with you,<br>\n\u2022 communicating with you,<br>\n\u2022 sending newsletters about our products, services, or promotions, sending marketing information, with your consent,<br>\n\u2022 fulfilling and managing contact with the company you are associated with,<br>\n\u2022 executing a contract, regardless of its form, or actions taken before entering into a contract when you order our product or service,<br>\n\u2022 ensuring compliance with legal obligations, including the obligation to disclose data.<br><br>\n\nIf you are acting on behalf of a company or institution you represent, and you are our business client, contractor (supplier, recipient), or other partner, please be advised that we may send information about our products and services to your organization at the correspondence or email address you provided, regardless of expressed consent, based on our legitimate interests. Respecting our business relationship, we offer you the option to opt out of receiving such information. By exercising this right, the company or institution you represent will be unsubscribed from the newsletter service and your data will be deleted. However, our offer of products and services may still reach your organization as part of the pursuit of our legitimate legal interests.<br><br>\n\nHow do we secure your personal data?\nThe administrator makes every effort to ensure physical, technical, and organizational measures are in place to protect personal data from accidental or intentional destruction, accidental loss, alteration, unauthorized disclosure, use, or access, in accordance with applicable regulations. Both the data collection process and the databases storing the data are secured against unauthorized access.<br><br>\n\nChanges to our privacy policy.\nWe reserve the right to change the above privacy policy by publishing the new rules on this page.<br>\nIf you have any further questions regarding privacy protection, please contact us.<\/p><\/div>\n\n\n\n<div class=\"wp-block-stackable-text stk-block-text stk-block stk-1a0fc03\" data-block-id=\"1a0fc03\"><style>.stk-1a0fc03 .stk-block-text__text{color:var(--theme-palette-color-3, #003049) !important;}.stk-1a0fc03 .stk-block-text__text:hover{color:var(--theme-palette-color-2, #F77F00) !important;}<\/style><p class=\"stk-block-text__text has-text-color\"><a href=\"mailto:rodo@iconsa.pl\">rodo@iconsa.pl<\/a><\/p><\/div>\n<\/div><\/div><\/div>\n<\/div><\/div>","protected":false},"excerpt":{"rendered":"<p>Polityka Prywatno\u015bci ICON S.A. Od dnia 25 maja 2018 r. dostosowujemy nasz\u0105 dzia\u0142alno\u015b\u0107 do nowego Rozporz\u0105dzenia Unii Europejskiej o Ochronie Danych Osobowych (RODO).Dok\u0142adamy wszelkich stara\u0144 by chroni\u0107 zbierane przez nas dane osobowe. W niniejszej polityce wyja\u015bnimy jakie dane osobowe zbieramy i jak s\u0105 one wykorzystywane. Zach\u0119camy do zapoznania si\u0119 z zamieszczonymi informacjami. Jakie dane o [&hellip;]<\/p>","protected":false},"author":1,"featured_media":0,"parent":0,"menu_order":0,"comment_status":"closed","ping_status":"closed","template":"","meta":{"footnotes":""},"class_list":["post-862","page","type-page","status-publish","hentry"],"blocksy_meta":[],"_links":{"self":[{"href":"https:\/\/iconsa.pl\/en\/wp-json\/wp\/v2\/pages\/862","targetHints":{"allow":["GET"]}}],"collection":[{"href":"https:\/\/iconsa.pl\/en\/wp-json\/wp\/v2\/pages"}],"about":[{"href":"https:\/\/iconsa.pl\/en\/wp-json\/wp\/v2\/types\/page"}],"author":[{"embeddable":true,"href":"https:\/\/iconsa.pl\/en\/wp-json\/wp\/v2\/users\/1"}],"replies":[{"embeddable":true,"href":"https:\/\/iconsa.pl\/en\/wp-json\/wp\/v2\/comments?post=862"}],"version-history":[{"count":10,"href":"https:\/\/iconsa.pl\/en\/wp-json\/wp\/v2\/pages\/862\/revisions"}],"predecessor-version":[{"id":1705,"href":"https:\/\/iconsa.pl\/en\/wp-json\/wp\/v2\/pages\/862\/revisions\/1705"}],"wp:attachment":[{"href":"https:\/\/iconsa.pl\/en\/wp-json\/wp\/v2\/media?parent=862"}],"curies":[{"name":"wp","href":"https:\/\/api.w.org\/{rel}","templated":true}]}}